{"id":200,"date":"2024-11-12T14:21:18","date_gmt":"2024-11-12T13:21:18","guid":{"rendered":"https:\/\/mrdeco.pl\/?page_id=200"},"modified":"2024-11-12T17:11:02","modified_gmt":"2024-11-12T16:11:02","slug":"kuchnie","status":"publish","type":"page","link":"https:\/\/mrdeco.pl\/?page_id=200","title":{"rendered":"Kuchnie"},"content":{"rendered":"\t\t<div data-elementor-type=\"wp-page\" data-elementor-id=\"200\" class=\"elementor elementor-200\" data-elementor-post-type=\"page\">\n\t\t\t\t<div class=\"elementor-element elementor-element-c5440af e-flex e-con-boxed e-con e-parent\" data-id=\"c5440af\" data-element_type=\"container\">\n\t\t\t\t\t<div class=\"e-con-inner\">\n\t\t<div class=\"elementor-element elementor-element-0584db3 e-con-full e-flex e-con e-child\" data-id=\"0584db3\" data-element_type=\"container\">\n\t\t\t\t<div class=\"elementor-element elementor-element-6e11f75 elementor-invisible elementor-widget elementor-widget-heading\" data-id=\"6e11f75\" data-element_type=\"widget\" data-settings=\"{&quot;_animation&quot;:&quot;fadeInUp&quot;}\" data-widget_type=\"heading.default\">\n\t\t\t\t<div class=\"elementor-widget-container\">\n\t\t\t<h2 class=\"elementor-heading-title elementor-size-default\">Kuchnie<\/h2>\t\t<\/div>\n\t\t\t\t<\/div>\n\t\t\t\t<div class=\"elementor-element elementor-element-28522a8 elementor-widget-divider--view-line elementor-widget elementor-widget-divider\" data-id=\"28522a8\" data-element_type=\"widget\" data-widget_type=\"divider.default\">\n\t\t\t\t<div class=\"elementor-widget-container\">\n\t\t\t\t\t<div class=\"elementor-divider\">\n\t\t\t<span class=\"elementor-divider-separator\">\n\t\t\t\t\t\t<\/span>\n\t\t<\/div>\n\t\t\t\t<\/div>\n\t\t\t\t<\/div>\n\t\t\t\t<div class=\"elementor-element elementor-element-4c8d721 elementor-widget elementor-widget-text-editor\" data-id=\"4c8d721\" data-element_type=\"widget\" data-widget_type=\"text-editor.default\">\n\t\t\t\t<div class=\"elementor-widget-container\">\n\t\t\t\t\t\t\t<p>Zapraszamy do zapoznania si\u0119 z naszymi dotychczasowymi projektami. W MrDeco ka\u017cdy projekt jest wyj\u0105tkowy \u2013 od funkcjonalnych mebli kuchennych, przez nowoczesne biura, po stylowe garderoby. Zobacz, jak nasze realizacje zmieniaj\u0105 wn\u0119trza i spe\u0142niaj\u0105 marzenia naszych klient\u00f3w o perfekcyjnych przestrzeniach. Znajd\u017a inspiracj\u0119 dla swojego wn\u0119trza!<\/p>\t\t\t\t\t\t<\/div>\n\t\t\t\t<\/div>\n\t\t\t\t<div class=\"elementor-element elementor-element-0c3ec0d elementor-pagination-position-inside elementor-widget-mobile__width-inherit elementor-widget elementor-widget-image-carousel\" data-id=\"0c3ec0d\" data-element_type=\"widget\" data-settings=\"{&quot;slides_to_show&quot;:&quot;1&quot;,&quot;navigation&quot;:&quot;dots&quot;,&quot;pause_on_hover&quot;:&quot;no&quot;,&quot;pause_on_interaction&quot;:&quot;no&quot;,&quot;autoplay_speed&quot;:4000,&quot;autoplay&quot;:&quot;yes&quot;,&quot;infinite&quot;:&quot;yes&quot;,&quot;effect&quot;:&quot;slide&quot;,&quot;speed&quot;:500}\" data-widget_type=\"image-carousel.default\">\n\t\t\t\t<div class=\"elementor-widget-container\">\n\t\t\t\t\t<div class=\"elementor-image-carousel-wrapper swiper\" dir=\"ltr\">\n\t\t\t<div class=\"elementor-image-carousel swiper-wrapper swiper-image-stretch\" aria-live=\"off\">\n\t\t\t\t\t\t\t\t<div class=\"swiper-slide\" role=\"group\" aria-roledescription=\"slide\" aria-label=\"1 of 4\"><figure class=\"swiper-slide-inner\"><img decoding=\"async\" class=\"swiper-slide-image\" src=\"http:\/\/mrdeco.pl\/wp-content\/uploads\/2024\/11\/Kuchnia-Mini-e1731267108801.jpg\" alt=\"Kuchnia Mini XL\" \/><\/figure><\/div><div class=\"swiper-slide\" role=\"group\" aria-roledescription=\"slide\" aria-label=\"2 of 4\"><figure class=\"swiper-slide-inner\"><img decoding=\"async\" class=\"swiper-slide-image\" src=\"http:\/\/mrdeco.pl\/wp-content\/uploads\/2024\/11\/28-e1731267169802.jpeg\" alt=\"Kuchnia XL\" \/><\/figure><\/div><div class=\"swiper-slide\" role=\"group\" aria-roledescription=\"slide\" aria-label=\"3 of 4\"><figure class=\"swiper-slide-inner\"><img decoding=\"async\" class=\"swiper-slide-image\" src=\"http:\/\/mrdeco.pl\/wp-content\/uploads\/2024\/11\/Foto2.png\" alt=\"Foto2\" \/><\/figure><\/div><div class=\"swiper-slide\" role=\"group\" aria-roledescription=\"slide\" aria-label=\"4 of 4\"><figure class=\"swiper-slide-inner\"><img decoding=\"async\" class=\"swiper-slide-image\" src=\"http:\/\/mrdeco.pl\/wp-content\/uploads\/2024\/11\/Foto-1.png\" alt=\"Foto 1\" \/><\/figure><\/div>\t\t\t<\/div>\n\t\t\t\t\t\t\t\n\t\t\t\t\t\t\t\t\t<div class=\"swiper-pagination\"><\/div>\n\t\t\t\t\t\t\t\t\t<\/div>\n\t\t\t\t<\/div>\n\t\t\t\t<\/div>\n\t\t\t\t<div class=\"elementor-element elementor-element-bc7b8bf elementor--h-position-left elementor-widget__width-initial elementor-absolute elementor-widget-mobile__width-inherit elementor-widget-tablet__width-initial elementor--v-position-middle elementor-widget elementor-widget-slides\" data-id=\"bc7b8bf\" data-element_type=\"widget\" data-settings=\"{&quot;navigation&quot;:&quot;none&quot;,&quot;autoplay_speed&quot;:4000,&quot;_position&quot;:&quot;absolute&quot;,&quot;autoplay&quot;:&quot;yes&quot;,&quot;infinite&quot;:&quot;yes&quot;,&quot;transition&quot;:&quot;slide&quot;,&quot;transition_speed&quot;:500}\" data-widget_type=\"slides.default\">\n\t\t\t\t<div class=\"elementor-widget-container\">\n\t\t\t\t\t<div class=\"elementor-swiper\">\n\t\t\t<div class=\"elementor-slides-wrapper elementor-main-swiper swiper\" dir=\"ltr\" data-animation=\"fadeInRight\">\n\t\t\t\t<div class=\"swiper-wrapper elementor-slides\">\n\t\t\t\t\t\t\t\t\t\t<div class=\"elementor-repeater-item-dda7018 swiper-slide\"><div class=\"swiper-slide-bg\" role=\"img\"><\/div><div class=\"swiper-slide-inner\" ><div class=\"swiper-slide-contents\"><div class=\"elementor-slide-heading\">Modern apartment<\/div><div class=\"elementor-slide-description\"><hr><br>\nDesigned by: <b>Olivia Fisher<\/b><br>\nProject Budget: <b>Do wyceny<\/b><br>\nChosen style: <b>Modern<\/b><br>\nlocation: <b>Polska<\/b><\/div><\/div><\/div><\/div><div class=\"elementor-repeater-item-d6ef9b1 swiper-slide\"><div class=\"swiper-slide-bg\" role=\"img\"><\/div><div class=\"swiper-slide-inner\" ><div class=\"swiper-slide-contents\"><div class=\"elementor-slide-heading\">Contemporary Duplex<\/div><div class=\"elementor-slide-description\"><hr><br>\nDesigned by: <b>Evan Glover<\/b><br>\nProject Budget: <b>Do wyceny<\/b><br>\nChosen style: <b>Contemporary<\/b><br>\nlocation: <b>Polska<\/b><\/div><\/div><\/div><\/div><div class=\"elementor-repeater-item-2af98e7 swiper-slide\"><div class=\"swiper-slide-bg\" role=\"img\"><\/div><div class=\"swiper-slide-inner\" ><div class=\"swiper-slide-contents\"><div class=\"elementor-slide-heading\">Nasze Oferty<\/div><div class=\"elementor-slide-description\"><hr><br>\nDesigned by: <b>Mix<\/b><br>\nProject Budget: <b>Do wyceny<\/b><br>\nChosen style: <b>Contemporary<\/b><br>\nlocation: <b>Polska<\/b><\/div><\/div><\/div><\/div>\t\t\t\t<\/div>\n\t\t\t\t\t\t\t\t\t\t\t\t\t\t\t\t\t\t\t\t\t<\/div>\n\t\t<\/div>\n\t\t\t\t<\/div>\n\t\t\t\t<\/div>\n\t\t\t\t<\/div>\n\t\t\t\t\t<\/div>\n\t\t\t\t<\/div>\n\t\t<div class=\"elementor-element elementor-element-9463157 e-flex e-con-boxed e-con e-parent\" data-id=\"9463157\" data-element_type=\"container\">\n\t\t\t\t\t<div class=\"e-con-inner\">\n\t\t\t\t\t<\/div>\n\t\t\t\t<\/div>\n\t\t\t\t<\/div>\n\t\t","protected":false},"excerpt":{"rendered":"<p>Kuchnie Zapraszamy do zapoznania si\u0119 z naszymi dotychczasowymi projektami. W MrDeco ka\u017cdy projekt jest wyj\u0105tkowy \u2013 od funkcjonalnych mebli kuchennych, przez nowoczesne biura, po stylowe garderoby. Zobacz, jak nasze realizacje zmieniaj\u0105 wn\u0119trza i spe\u0142niaj\u0105 marzenia naszych klient\u00f3w o perfekcyjnych przestrzeniach. Znajd\u017a inspiracj\u0119 dla swojego wn\u0119trza! Modern apartment Designed by: Olivia Fisher Project Budget: Do wyceny [&hellip;]<\/p>\n","protected":false},"author":1,"featured_media":0,"parent":0,"menu_order":0,"comment_status":"closed","ping_status":"closed","template":"","meta":{"footnotes":""},"class_list":["post-200","page","type-page","status-publish","hentry"],"yoast_head":"<!-- This site is optimized with the Yoast SEO plugin v23.8 - https:\/\/yoast.com\/wordpress\/plugins\/seo\/ -->\n<title>Kuchnie - MrDeco<\/title>\n<meta name=\"robots\" content=\"index, follow, max-snippet:-1, max-image-preview:large, max-video-preview:-1\" \/>\n<link rel=\"canonical\" href=\"https:\/\/mrdeco.pl\/?page_id=200\" \/>\n<meta property=\"og:locale\" content=\"en_US\" \/>\n<meta property=\"og:type\" content=\"article\" \/>\n<meta property=\"og:title\" content=\"Kuchnie - MrDeco\" \/>\n<meta property=\"og:description\" content=\"Kuchnie Zapraszamy do zapoznania si\u0119 z naszymi dotychczasowymi projektami. W MrDeco ka\u017cdy projekt jest wyj\u0105tkowy \u2013 od funkcjonalnych mebli kuchennych, przez nowoczesne biura, po stylowe garderoby. Zobacz, jak nasze realizacje zmieniaj\u0105 wn\u0119trza i spe\u0142niaj\u0105 marzenia naszych klient\u00f3w o perfekcyjnych przestrzeniach. Znajd\u017a inspiracj\u0119 dla swojego wn\u0119trza! Modern apartment Designed by: Olivia Fisher Project Budget: Do wyceny [&hellip;]\" \/>\n<meta property=\"og:url\" content=\"https:\/\/mrdeco.pl\/?page_id=200\" \/>\n<meta property=\"og:site_name\" content=\"MrDeco\" \/>\n<meta property=\"article:modified_time\" content=\"2024-11-12T16:11:02+00:00\" \/>\n<meta property=\"og:image\" content=\"http:\/\/mrdeco.pl\/wp-content\/uploads\/2024\/11\/Kuchnia-Mini-e1731267108801.jpg\" \/>\n<meta name=\"twitter:card\" content=\"summary_large_image\" \/>\n<meta name=\"twitter:label1\" content=\"Est. reading time\" \/>\n\t<meta name=\"twitter:data1\" content=\"3 minutes\" \/>\n<script type=\"application\/ld+json\" class=\"yoast-schema-graph\">{\"@context\":\"https:\/\/schema.org\",\"@graph\":[{\"@type\":\"WebPage\",\"@id\":\"https:\/\/mrdeco.pl\/?page_id=200\",\"url\":\"https:\/\/mrdeco.pl\/?page_id=200\",\"name\":\"Kuchnie - MrDeco\",\"isPartOf\":{\"@id\":\"http:\/\/mrdeco.pl\/#website\"},\"primaryImageOfPage\":{\"@id\":\"https:\/\/mrdeco.pl\/?page_id=200#primaryimage\"},\"image\":{\"@id\":\"https:\/\/mrdeco.pl\/?page_id=200#primaryimage\"},\"thumbnailUrl\":\"http:\/\/mrdeco.pl\/wp-content\/uploads\/2024\/11\/Kuchnia-Mini-e1731267108801.jpg\",\"datePublished\":\"2024-11-12T13:21:18+00:00\",\"dateModified\":\"2024-11-12T16:11:02+00:00\",\"breadcrumb\":{\"@id\":\"https:\/\/mrdeco.pl\/?page_id=200#breadcrumb\"},\"inLanguage\":\"en-US\",\"potentialAction\":[{\"@type\":\"ReadAction\",\"target\":[\"https:\/\/mrdeco.pl\/?page_id=200\"]}]},{\"@type\":\"ImageObject\",\"inLanguage\":\"en-US\",\"@id\":\"https:\/\/mrdeco.pl\/?page_id=200#primaryimage\",\"url\":\"http:\/\/mrdeco.pl\/wp-content\/uploads\/2024\/11\/Kuchnia-Mini-e1731267108801.jpg\",\"contentUrl\":\"http:\/\/mrdeco.pl\/wp-content\/uploads\/2024\/11\/Kuchnia-Mini-e1731267108801.jpg\"},{\"@type\":\"BreadcrumbList\",\"@id\":\"https:\/\/mrdeco.pl\/?page_id=200#breadcrumb\",\"itemListElement\":[{\"@type\":\"ListItem\",\"position\":1,\"name\":\"Home\",\"item\":\"http:\/\/mrdeco.pl\/\"},{\"@type\":\"ListItem\",\"position\":2,\"name\":\"Kuchnie\"}]},{\"@type\":\"WebSite\",\"@id\":\"http:\/\/mrdeco.pl\/#website\",\"url\":\"http:\/\/mrdeco.pl\/\",\"name\":\"MrDeco\",\"description\":\"\",\"publisher\":{\"@id\":\"http:\/\/mrdeco.pl\/#organization\"},\"potentialAction\":[{\"@type\":\"SearchAction\",\"target\":{\"@type\":\"EntryPoint\",\"urlTemplate\":\"http:\/\/mrdeco.pl\/?s={search_term_string}\"},\"query-input\":{\"@type\":\"PropertyValueSpecification\",\"valueRequired\":true,\"valueName\":\"search_term_string\"}}],\"inLanguage\":\"en-US\"},{\"@type\":\"Organization\",\"@id\":\"http:\/\/mrdeco.pl\/#organization\",\"name\":\"MrDeco\",\"url\":\"http:\/\/mrdeco.pl\/\",\"logo\":{\"@type\":\"ImageObject\",\"inLanguage\":\"en-US\",\"@id\":\"http:\/\/mrdeco.pl\/#\/schema\/logo\/image\/\",\"url\":\"https:\/\/mrdeco.pl\/wp-content\/uploads\/2024\/11\/MRDECO-Trans.png\",\"contentUrl\":\"https:\/\/mrdeco.pl\/wp-content\/uploads\/2024\/11\/MRDECO-Trans.png\",\"width\":500,\"height\":500,\"caption\":\"MrDeco\"},\"image\":{\"@id\":\"http:\/\/mrdeco.pl\/#\/schema\/logo\/image\/\"}}]}<\/script>\n<!-- \/ Yoast SEO plugin. -->","yoast_head_json":{"title":"Kuchnie - MrDeco","robots":{"index":"index","follow":"follow","max-snippet":"max-snippet:-1","max-image-preview":"max-image-preview:large","max-video-preview":"max-video-preview:-1"},"canonical":"https:\/\/mrdeco.pl\/?page_id=200","og_locale":"en_US","og_type":"article","og_title":"Kuchnie - MrDeco","og_description":"Kuchnie Zapraszamy do zapoznania si\u0119 z naszymi dotychczasowymi projektami. W MrDeco ka\u017cdy projekt jest wyj\u0105tkowy \u2013 od funkcjonalnych mebli kuchennych, przez nowoczesne biura, po stylowe garderoby. Zobacz, jak nasze realizacje zmieniaj\u0105 wn\u0119trza i spe\u0142niaj\u0105 marzenia naszych klient\u00f3w o perfekcyjnych przestrzeniach. Znajd\u017a inspiracj\u0119 dla swojego wn\u0119trza! Modern apartment Designed by: Olivia Fisher Project Budget: Do wyceny [&hellip;]","og_url":"https:\/\/mrdeco.pl\/?page_id=200","og_site_name":"MrDeco","article_modified_time":"2024-11-12T16:11:02+00:00","og_image":[{"url":"http:\/\/mrdeco.pl\/wp-content\/uploads\/2024\/11\/Kuchnia-Mini-e1731267108801.jpg"}],"twitter_card":"summary_large_image","twitter_misc":{"Est. reading time":"3 minutes"},"schema":{"@context":"https:\/\/schema.org","@graph":[{"@type":"WebPage","@id":"https:\/\/mrdeco.pl\/?page_id=200","url":"https:\/\/mrdeco.pl\/?page_id=200","name":"Kuchnie - MrDeco","isPartOf":{"@id":"http:\/\/mrdeco.pl\/#website"},"primaryImageOfPage":{"@id":"https:\/\/mrdeco.pl\/?page_id=200#primaryimage"},"image":{"@id":"https:\/\/mrdeco.pl\/?page_id=200#primaryimage"},"thumbnailUrl":"http:\/\/mrdeco.pl\/wp-content\/uploads\/2024\/11\/Kuchnia-Mini-e1731267108801.jpg","datePublished":"2024-11-12T13:21:18+00:00","dateModified":"2024-11-12T16:11:02+00:00","breadcrumb":{"@id":"https:\/\/mrdeco.pl\/?page_id=200#breadcrumb"},"inLanguage":"en-US","potentialAction":[{"@type":"ReadAction","target":["https:\/\/mrdeco.pl\/?page_id=200"]}]},{"@type":"ImageObject","inLanguage":"en-US","@id":"https:\/\/mrdeco.pl\/?page_id=200#primaryimage","url":"http:\/\/mrdeco.pl\/wp-content\/uploads\/2024\/11\/Kuchnia-Mini-e1731267108801.jpg","contentUrl":"http:\/\/mrdeco.pl\/wp-content\/uploads\/2024\/11\/Kuchnia-Mini-e1731267108801.jpg"},{"@type":"BreadcrumbList","@id":"https:\/\/mrdeco.pl\/?page_id=200#breadcrumb","itemListElement":[{"@type":"ListItem","position":1,"name":"Home","item":"http:\/\/mrdeco.pl\/"},{"@type":"ListItem","position":2,"name":"Kuchnie"}]},{"@type":"WebSite","@id":"http:\/\/mrdeco.pl\/#website","url":"http:\/\/mrdeco.pl\/","name":"MrDeco","description":"","publisher":{"@id":"http:\/\/mrdeco.pl\/#organization"},"potentialAction":[{"@type":"SearchAction","target":{"@type":"EntryPoint","urlTemplate":"http:\/\/mrdeco.pl\/?s={search_term_string}"},"query-input":{"@type":"PropertyValueSpecification","valueRequired":true,"valueName":"search_term_string"}}],"inLanguage":"en-US"},{"@type":"Organization","@id":"http:\/\/mrdeco.pl\/#organization","name":"MrDeco","url":"http:\/\/mrdeco.pl\/","logo":{"@type":"ImageObject","inLanguage":"en-US","@id":"http:\/\/mrdeco.pl\/#\/schema\/logo\/image\/","url":"https:\/\/mrdeco.pl\/wp-content\/uploads\/2024\/11\/MRDECO-Trans.png","contentUrl":"https:\/\/mrdeco.pl\/wp-content\/uploads\/2024\/11\/MRDECO-Trans.png","width":500,"height":500,"caption":"MrDeco"},"image":{"@id":"http:\/\/mrdeco.pl\/#\/schema\/logo\/image\/"}}]}},"_links":{"self":[{"href":"https:\/\/mrdeco.pl\/index.php?rest_route=\/wp\/v2\/pages\/200","targetHints":{"allow":["GET"]}}],"collection":[{"href":"https:\/\/mrdeco.pl\/index.php?rest_route=\/wp\/v2\/pages"}],"about":[{"href":"https:\/\/mrdeco.pl\/index.php?rest_route=\/wp\/v2\/types\/page"}],"author":[{"embeddable":true,"href":"https:\/\/mrdeco.pl\/index.php?rest_route=\/wp\/v2\/users\/1"}],"replies":[{"embeddable":true,"href":"https:\/\/mrdeco.pl\/index.php?rest_route=%2Fwp%2Fv2%2Fcomments&post=200"}],"version-history":[{"count":10,"href":"https:\/\/mrdeco.pl\/index.php?rest_route=\/wp\/v2\/pages\/200\/revisions"}],"predecessor-version":[{"id":242,"href":"https:\/\/mrdeco.pl\/index.php?rest_route=\/wp\/v2\/pages\/200\/revisions\/242"}],"wp:attachment":[{"href":"https:\/\/mrdeco.pl\/index.php?rest_route=%2Fwp%2Fv2%2Fmedia&parent=200"}],"curies":[{"name":"wp","href":"https:\/\/api.w.org\/{rel}","templated":true}]}}