{"id":211,"date":"2024-11-12T14:24:17","date_gmt":"2024-11-12T13:24:17","guid":{"rendered":"https:\/\/mrdeco.pl\/?page_id=211"},"modified":"2024-11-12T14:24:39","modified_gmt":"2024-11-12T13:24:39","slug":"szafy","status":"publish","type":"page","link":"https:\/\/mrdeco.pl\/?page_id=211","title":{"rendered":"Szafy"},"content":{"rendered":"\t\t<div data-elementor-type=\"wp-page\" data-elementor-id=\"211\" class=\"elementor elementor-211\" data-elementor-post-type=\"page\">\n\t\t\t\t<div class=\"elementor-element elementor-element-0f33b6a e-flex e-con-boxed e-con e-parent\" data-id=\"0f33b6a\" data-element_type=\"container\">\n\t\t\t\t\t<div class=\"e-con-inner\">\n\t\t<div class=\"elementor-element elementor-element-370c157 e-con-full e-flex e-con e-child\" data-id=\"370c157\" data-element_type=\"container\">\n\t\t\t\t<div class=\"elementor-element elementor-element-38a8ce0 elementor-invisible elementor-widget elementor-widget-heading\" data-id=\"38a8ce0\" data-element_type=\"widget\" data-settings=\"{&quot;_animation&quot;:&quot;fadeInUp&quot;}\" data-widget_type=\"heading.default\">\n\t\t\t\t<div class=\"elementor-widget-container\">\n\t\t\t<h2 class=\"elementor-heading-title elementor-size-default\">Szafy<\/h2>\t\t<\/div>\n\t\t\t\t<\/div>\n\t\t\t\t<div class=\"elementor-element elementor-element-23d5a25 elementor-widget-divider--view-line elementor-widget elementor-widget-divider\" data-id=\"23d5a25\" data-element_type=\"widget\" data-widget_type=\"divider.default\">\n\t\t\t\t<div class=\"elementor-widget-container\">\n\t\t\t\t\t<div class=\"elementor-divider\">\n\t\t\t<span class=\"elementor-divider-separator\">\n\t\t\t\t\t\t<\/span>\n\t\t<\/div>\n\t\t\t\t<\/div>\n\t\t\t\t<\/div>\n\t\t\t\t<div class=\"elementor-element elementor-element-a433617 elementor-widget elementor-widget-text-editor\" data-id=\"a433617\" data-element_type=\"widget\" data-widget_type=\"text-editor.default\">\n\t\t\t\t<div class=\"elementor-widget-container\">\n\t\t\t\t\t\t\t<p>Zapraszamy do zapoznania si\u0119 z naszymi dotychczasowymi projektami. W MrDeco ka\u017cdy projekt jest wyj\u0105tkowy \u2013 od funkcjonalnych mebli kuchennych, przez nowoczesne biura, po stylowe garderoby. Zobacz, jak nasze realizacje zmieniaj\u0105 wn\u0119trza i spe\u0142niaj\u0105 marzenia naszych klient\u00f3w o perfekcyjnych przestrzeniach. Znajd\u017a inspiracj\u0119 dla swojego wn\u0119trza!<\/p>\t\t\t\t\t\t<\/div>\n\t\t\t\t<\/div>\n\t\t\t\t<div class=\"elementor-element elementor-element-5fee2db elementor-pagination-position-inside elementor-widget-mobile__width-inherit elementor-widget elementor-widget-image-carousel\" data-id=\"5fee2db\" data-element_type=\"widget\" data-settings=\"{&quot;slides_to_show&quot;:&quot;1&quot;,&quot;navigation&quot;:&quot;dots&quot;,&quot;pause_on_hover&quot;:&quot;no&quot;,&quot;pause_on_interaction&quot;:&quot;no&quot;,&quot;autoplay_speed&quot;:4000,&quot;autoplay&quot;:&quot;yes&quot;,&quot;infinite&quot;:&quot;yes&quot;,&quot;effect&quot;:&quot;slide&quot;,&quot;speed&quot;:500}\" data-widget_type=\"image-carousel.default\">\n\t\t\t\t<div class=\"elementor-widget-container\">\n\t\t\t\t\t<div class=\"elementor-image-carousel-wrapper swiper\" dir=\"ltr\">\n\t\t\t<div class=\"elementor-image-carousel swiper-wrapper swiper-image-stretch\" aria-live=\"off\">\n\t\t\t\t\t\t\t\t<div class=\"swiper-slide\" role=\"group\" aria-roledescription=\"slide\" aria-label=\"1 of 3\"><figure class=\"swiper-slide-inner\"><img decoding=\"async\" class=\"swiper-slide-image\" src=\"https:\/\/mrdeco.pl\/wp-content\/uploads\/2024\/11\/Kuchnia-Mini-e1731267108801.jpg\" alt=\"Kuchnia Mini XL\" \/><\/figure><\/div><div class=\"swiper-slide\" role=\"group\" aria-roledescription=\"slide\" aria-label=\"2 of 3\"><figure class=\"swiper-slide-inner\"><img decoding=\"async\" class=\"swiper-slide-image\" src=\"https:\/\/mrdeco.pl\/wp-content\/uploads\/2024\/11\/28-e1731267169802.jpeg\" alt=\"Kuchnia XL\" \/><\/figure><\/div><div class=\"swiper-slide\" role=\"group\" aria-roledescription=\"slide\" aria-label=\"3 of 3\"><figure class=\"swiper-slide-inner\"><img decoding=\"async\" class=\"swiper-slide-image\" src=\"https:\/\/mrdeco.pl\/wp-content\/uploads\/2024\/11\/Bezowy-Minimalistyczny-Kolaz-Moda-Nowa-Kolekcja-Post-Facebook.jpg\" alt=\"Oferta\" \/><\/figure><\/div>\t\t\t<\/div>\n\t\t\t\t\t\t\t\n\t\t\t\t\t\t\t\t\t<div class=\"swiper-pagination\"><\/div>\n\t\t\t\t\t\t\t\t\t<\/div>\n\t\t\t\t<\/div>\n\t\t\t\t<\/div>\n\t\t\t\t<div class=\"elementor-element elementor-element-a87914a elementor--h-position-left elementor-widget__width-initial elementor-absolute elementor-widget-mobile__width-inherit elementor-widget-tablet__width-initial elementor--v-position-middle elementor-widget elementor-widget-slides\" data-id=\"a87914a\" data-element_type=\"widget\" data-settings=\"{&quot;navigation&quot;:&quot;none&quot;,&quot;autoplay_speed&quot;:4000,&quot;_position&quot;:&quot;absolute&quot;,&quot;autoplay&quot;:&quot;yes&quot;,&quot;infinite&quot;:&quot;yes&quot;,&quot;transition&quot;:&quot;slide&quot;,&quot;transition_speed&quot;:500}\" data-widget_type=\"slides.default\">\n\t\t\t\t<div class=\"elementor-widget-container\">\n\t\t\t\t\t<div class=\"elementor-swiper\">\n\t\t\t<div class=\"elementor-slides-wrapper elementor-main-swiper swiper\" dir=\"ltr\" data-animation=\"fadeInRight\">\n\t\t\t\t<div class=\"swiper-wrapper elementor-slides\">\n\t\t\t\t\t\t\t\t\t\t<div class=\"elementor-repeater-item-dda7018 swiper-slide\"><div class=\"swiper-slide-bg\" role=\"img\"><\/div><div class=\"swiper-slide-inner\" ><div class=\"swiper-slide-contents\"><div class=\"elementor-slide-heading\">Modern apartment<\/div><div class=\"elementor-slide-description\"><hr><br>\nDesigned by: <b>Olivia Fisher<\/b><br>\nProject Budget: <b>Do wyceny<\/b><br>\nChosen style: <b>Modern<\/b><br>\nlocation: <b>Polska<\/b><\/div><\/div><\/div><\/div><div class=\"elementor-repeater-item-d6ef9b1 swiper-slide\"><div class=\"swiper-slide-bg\" role=\"img\"><\/div><div class=\"swiper-slide-inner\" ><div class=\"swiper-slide-contents\"><div class=\"elementor-slide-heading\">Contemporary Duplex<\/div><div class=\"elementor-slide-description\"><hr><br>\nDesigned by: <b>Evan Glover<\/b><br>\nProject Budget: <b>Do wyceny<\/b><br>\nChosen style: <b>Contemporary<\/b><br>\nlocation: <b>Polska<\/b><\/div><\/div><\/div><\/div><div class=\"elementor-repeater-item-2af98e7 swiper-slide\"><div class=\"swiper-slide-bg\" role=\"img\"><\/div><div class=\"swiper-slide-inner\" ><div class=\"swiper-slide-contents\"><div class=\"elementor-slide-heading\">Nasze Oferty<\/div><div class=\"elementor-slide-description\"><hr><br>\nDesigned by: <b>Mix<\/b><br>\nProject Budget: <b>Do wyceny<\/b><br>\nChosen style: <b>Contemporary<\/b><br>\nlocation: <b>Polska<\/b><\/div><\/div><\/div><\/div>\t\t\t\t<\/div>\n\t\t\t\t\t\t\t\t\t\t\t\t\t\t\t\t\t\t\t\t\t<\/div>\n\t\t<\/div>\n\t\t\t\t<\/div>\n\t\t\t\t<\/div>\n\t\t\t\t<\/div>\n\t\t\t\t\t<\/div>\n\t\t\t\t<\/div>\n\t\t\t\t<\/div>\n\t\t","protected":false},"excerpt":{"rendered":"<p>Szafy Zapraszamy do zapoznania si\u0119 z naszymi dotychczasowymi projektami. W MrDeco ka\u017cdy projekt jest wyj\u0105tkowy \u2013 od funkcjonalnych mebli kuchennych, przez nowoczesne biura, po stylowe garderoby. Zobacz, jak nasze realizacje zmieniaj\u0105 wn\u0119trza i spe\u0142niaj\u0105 marzenia naszych klient\u00f3w o perfekcyjnych przestrzeniach. Znajd\u017a inspiracj\u0119 dla swojego wn\u0119trza! Modern apartment Designed by: Olivia Fisher Project Budget: Do wyceny [&hellip;]<\/p>\n","protected":false},"author":1,"featured_media":0,"parent":0,"menu_order":0,"comment_status":"closed","ping_status":"closed","template":"","meta":{"footnotes":""},"class_list":["post-211","page","type-page","status-publish","hentry"],"yoast_head":"<!-- This site is optimized with the Yoast SEO plugin v23.8 - https:\/\/yoast.com\/wordpress\/plugins\/seo\/ -->\n<title>Szafy - MrDeco<\/title>\n<meta name=\"robots\" content=\"index, follow, max-snippet:-1, max-image-preview:large, max-video-preview:-1\" \/>\n<link rel=\"canonical\" href=\"http:\/\/mrdeco.pl\/?page_id=211\" \/>\n<meta property=\"og:locale\" content=\"en_US\" \/>\n<meta property=\"og:type\" content=\"article\" \/>\n<meta property=\"og:title\" content=\"Szafy - MrDeco\" \/>\n<meta property=\"og:description\" content=\"Szafy Zapraszamy do zapoznania si\u0119 z naszymi dotychczasowymi projektami. W MrDeco ka\u017cdy projekt jest wyj\u0105tkowy \u2013 od funkcjonalnych mebli kuchennych, przez nowoczesne biura, po stylowe garderoby. Zobacz, jak nasze realizacje zmieniaj\u0105 wn\u0119trza i spe\u0142niaj\u0105 marzenia naszych klient\u00f3w o perfekcyjnych przestrzeniach. Znajd\u017a inspiracj\u0119 dla swojego wn\u0119trza! Modern apartment Designed by: Olivia Fisher Project Budget: Do wyceny [&hellip;]\" \/>\n<meta property=\"og:url\" content=\"http:\/\/mrdeco.pl\/?page_id=211\" \/>\n<meta property=\"og:site_name\" content=\"MrDeco\" \/>\n<meta property=\"article:modified_time\" content=\"2024-11-12T13:24:39+00:00\" \/>\n<meta property=\"og:image\" content=\"http:\/\/mrdeco.pl\/wp-content\/uploads\/2024\/11\/Kuchnia-Mini-e1731267108801.jpg\" \/>\n<meta name=\"twitter:card\" content=\"summary_large_image\" \/>\n<meta name=\"twitter:label1\" content=\"Est. reading time\" \/>\n\t<meta name=\"twitter:data1\" content=\"3 minutes\" \/>\n<script type=\"application\/ld+json\" class=\"yoast-schema-graph\">{\"@context\":\"https:\/\/schema.org\",\"@graph\":[{\"@type\":\"WebPage\",\"@id\":\"http:\/\/mrdeco.pl\/?page_id=211\",\"url\":\"http:\/\/mrdeco.pl\/?page_id=211\",\"name\":\"Szafy - MrDeco\",\"isPartOf\":{\"@id\":\"http:\/\/mrdeco.pl\/#website\"},\"primaryImageOfPage\":{\"@id\":\"http:\/\/mrdeco.pl\/?page_id=211#primaryimage\"},\"image\":{\"@id\":\"http:\/\/mrdeco.pl\/?page_id=211#primaryimage\"},\"thumbnailUrl\":\"http:\/\/mrdeco.pl\/wp-content\/uploads\/2024\/11\/Kuchnia-Mini-e1731267108801.jpg\",\"datePublished\":\"2024-11-12T13:24:17+00:00\",\"dateModified\":\"2024-11-12T13:24:39+00:00\",\"breadcrumb\":{\"@id\":\"http:\/\/mrdeco.pl\/?page_id=211#breadcrumb\"},\"inLanguage\":\"en-US\",\"potentialAction\":[{\"@type\":\"ReadAction\",\"target\":[\"http:\/\/mrdeco.pl\/?page_id=211\"]}]},{\"@type\":\"ImageObject\",\"inLanguage\":\"en-US\",\"@id\":\"http:\/\/mrdeco.pl\/?page_id=211#primaryimage\",\"url\":\"http:\/\/mrdeco.pl\/wp-content\/uploads\/2024\/11\/Kuchnia-Mini-e1731267108801.jpg\",\"contentUrl\":\"http:\/\/mrdeco.pl\/wp-content\/uploads\/2024\/11\/Kuchnia-Mini-e1731267108801.jpg\"},{\"@type\":\"BreadcrumbList\",\"@id\":\"http:\/\/mrdeco.pl\/?page_id=211#breadcrumb\",\"itemListElement\":[{\"@type\":\"ListItem\",\"position\":1,\"name\":\"Home\",\"item\":\"http:\/\/mrdeco.pl\/\"},{\"@type\":\"ListItem\",\"position\":2,\"name\":\"Szafy\"}]},{\"@type\":\"WebSite\",\"@id\":\"http:\/\/mrdeco.pl\/#website\",\"url\":\"http:\/\/mrdeco.pl\/\",\"name\":\"MrDeco\",\"description\":\"\",\"publisher\":{\"@id\":\"http:\/\/mrdeco.pl\/#organization\"},\"potentialAction\":[{\"@type\":\"SearchAction\",\"target\":{\"@type\":\"EntryPoint\",\"urlTemplate\":\"http:\/\/mrdeco.pl\/?s={search_term_string}\"},\"query-input\":{\"@type\":\"PropertyValueSpecification\",\"valueRequired\":true,\"valueName\":\"search_term_string\"}}],\"inLanguage\":\"en-US\"},{\"@type\":\"Organization\",\"@id\":\"http:\/\/mrdeco.pl\/#organization\",\"name\":\"MrDeco\",\"url\":\"http:\/\/mrdeco.pl\/\",\"logo\":{\"@type\":\"ImageObject\",\"inLanguage\":\"en-US\",\"@id\":\"http:\/\/mrdeco.pl\/#\/schema\/logo\/image\/\",\"url\":\"https:\/\/mrdeco.pl\/wp-content\/uploads\/2024\/11\/MRDECO-Trans.png\",\"contentUrl\":\"https:\/\/mrdeco.pl\/wp-content\/uploads\/2024\/11\/MRDECO-Trans.png\",\"width\":500,\"height\":500,\"caption\":\"MrDeco\"},\"image\":{\"@id\":\"http:\/\/mrdeco.pl\/#\/schema\/logo\/image\/\"}}]}<\/script>\n<!-- \/ Yoast SEO plugin. -->","yoast_head_json":{"title":"Szafy - MrDeco","robots":{"index":"index","follow":"follow","max-snippet":"max-snippet:-1","max-image-preview":"max-image-preview:large","max-video-preview":"max-video-preview:-1"},"canonical":"http:\/\/mrdeco.pl\/?page_id=211","og_locale":"en_US","og_type":"article","og_title":"Szafy - MrDeco","og_description":"Szafy Zapraszamy do zapoznania si\u0119 z naszymi dotychczasowymi projektami. W MrDeco ka\u017cdy projekt jest wyj\u0105tkowy \u2013 od funkcjonalnych mebli kuchennych, przez nowoczesne biura, po stylowe garderoby. Zobacz, jak nasze realizacje zmieniaj\u0105 wn\u0119trza i spe\u0142niaj\u0105 marzenia naszych klient\u00f3w o perfekcyjnych przestrzeniach. Znajd\u017a inspiracj\u0119 dla swojego wn\u0119trza! Modern apartment Designed by: Olivia Fisher Project Budget: Do wyceny [&hellip;]","og_url":"http:\/\/mrdeco.pl\/?page_id=211","og_site_name":"MrDeco","article_modified_time":"2024-11-12T13:24:39+00:00","og_image":[{"url":"http:\/\/mrdeco.pl\/wp-content\/uploads\/2024\/11\/Kuchnia-Mini-e1731267108801.jpg"}],"twitter_card":"summary_large_image","twitter_misc":{"Est. reading time":"3 minutes"},"schema":{"@context":"https:\/\/schema.org","@graph":[{"@type":"WebPage","@id":"http:\/\/mrdeco.pl\/?page_id=211","url":"http:\/\/mrdeco.pl\/?page_id=211","name":"Szafy - MrDeco","isPartOf":{"@id":"http:\/\/mrdeco.pl\/#website"},"primaryImageOfPage":{"@id":"http:\/\/mrdeco.pl\/?page_id=211#primaryimage"},"image":{"@id":"http:\/\/mrdeco.pl\/?page_id=211#primaryimage"},"thumbnailUrl":"http:\/\/mrdeco.pl\/wp-content\/uploads\/2024\/11\/Kuchnia-Mini-e1731267108801.jpg","datePublished":"2024-11-12T13:24:17+00:00","dateModified":"2024-11-12T13:24:39+00:00","breadcrumb":{"@id":"http:\/\/mrdeco.pl\/?page_id=211#breadcrumb"},"inLanguage":"en-US","potentialAction":[{"@type":"ReadAction","target":["http:\/\/mrdeco.pl\/?page_id=211"]}]},{"@type":"ImageObject","inLanguage":"en-US","@id":"http:\/\/mrdeco.pl\/?page_id=211#primaryimage","url":"http:\/\/mrdeco.pl\/wp-content\/uploads\/2024\/11\/Kuchnia-Mini-e1731267108801.jpg","contentUrl":"http:\/\/mrdeco.pl\/wp-content\/uploads\/2024\/11\/Kuchnia-Mini-e1731267108801.jpg"},{"@type":"BreadcrumbList","@id":"http:\/\/mrdeco.pl\/?page_id=211#breadcrumb","itemListElement":[{"@type":"ListItem","position":1,"name":"Home","item":"http:\/\/mrdeco.pl\/"},{"@type":"ListItem","position":2,"name":"Szafy"}]},{"@type":"WebSite","@id":"http:\/\/mrdeco.pl\/#website","url":"http:\/\/mrdeco.pl\/","name":"MrDeco","description":"","publisher":{"@id":"http:\/\/mrdeco.pl\/#organization"},"potentialAction":[{"@type":"SearchAction","target":{"@type":"EntryPoint","urlTemplate":"http:\/\/mrdeco.pl\/?s={search_term_string}"},"query-input":{"@type":"PropertyValueSpecification","valueRequired":true,"valueName":"search_term_string"}}],"inLanguage":"en-US"},{"@type":"Organization","@id":"http:\/\/mrdeco.pl\/#organization","name":"MrDeco","url":"http:\/\/mrdeco.pl\/","logo":{"@type":"ImageObject","inLanguage":"en-US","@id":"http:\/\/mrdeco.pl\/#\/schema\/logo\/image\/","url":"https:\/\/mrdeco.pl\/wp-content\/uploads\/2024\/11\/MRDECO-Trans.png","contentUrl":"https:\/\/mrdeco.pl\/wp-content\/uploads\/2024\/11\/MRDECO-Trans.png","width":500,"height":500,"caption":"MrDeco"},"image":{"@id":"http:\/\/mrdeco.pl\/#\/schema\/logo\/image\/"}}]}},"_links":{"self":[{"href":"https:\/\/mrdeco.pl\/index.php?rest_route=\/wp\/v2\/pages\/211","targetHints":{"allow":["GET"]}}],"collection":[{"href":"https:\/\/mrdeco.pl\/index.php?rest_route=\/wp\/v2\/pages"}],"about":[{"href":"https:\/\/mrdeco.pl\/index.php?rest_route=\/wp\/v2\/types\/page"}],"author":[{"embeddable":true,"href":"https:\/\/mrdeco.pl\/index.php?rest_route=\/wp\/v2\/users\/1"}],"replies":[{"embeddable":true,"href":"https:\/\/mrdeco.pl\/index.php?rest_route=%2Fwp%2Fv2%2Fcomments&post=211"}],"version-history":[{"count":4,"href":"https:\/\/mrdeco.pl\/index.php?rest_route=\/wp\/v2\/pages\/211\/revisions"}],"predecessor-version":[{"id":215,"href":"https:\/\/mrdeco.pl\/index.php?rest_route=\/wp\/v2\/pages\/211\/revisions\/215"}],"wp:attachment":[{"href":"https:\/\/mrdeco.pl\/index.php?rest_route=%2Fwp%2Fv2%2Fmedia&parent=211"}],"curies":[{"name":"wp","href":"https:\/\/api.w.org\/{rel}","templated":true}]}}